{"id":124,"date":"2016-09-06T19:49:04","date_gmt":"2016-09-06T19:49:04","guid":{"rendered":"http:\/\/maiscorcianorte.com.br\/?page_id=124"},"modified":"2016-12-07T15:26:03","modified_gmt":"2016-12-07T15:26:03","slug":"lancamentos","status":"publish","type":"page","link":"http:\/\/maiscorcianorte.com.br\/?page_id=124","title":{"rendered":"NOVIDADES"},"content":{"rendered":"<div id=\"pl-124\"  class=\"panel-layout\" ><div id=\"pg-124-0\"  class=\"panel-grid panel-has-style\" ><div class=\"siteorigin-panels-stretch panel-row-style-full-width panel-row-style panel-row-style-for-124-0\" data-stretch-type=\"full-stretched\" ><div id=\"pgc-124-0-0\"  class=\"panel-grid-cell\" ><div id=\"panel-124-0-0-0\" class=\"so-panel widget widget_sow-hero panel-first-child panel-last-child\" data-index=\"0\" ><div class=\"so-widget-sow-hero so-widget-sow-hero-default-e4dfb455a4fe-124 so-widget-fittext-wrapper\" data-fit-text-compressor=\"0.85\"><div class=\"sow-slider-base\" style=\"display: none\"><ul class=\"sow-slider-images\" data-settings=\"{&quot;pagination&quot;:true,&quot;speed&quot;:800,&quot;timeout&quot;:8000,&quot;paused&quot;:false,&quot;pause_on_hover&quot;:false,&quot;swipe&quot;:true,&quot;nav_always_show_desktop&quot;:&quot;&quot;,&quot;nav_always_show_mobile&quot;:&quot;&quot;,&quot;breakpoint&quot;:&quot;780px&quot;}\">\t\t<li class=\"sow-slider-image  sow-slider-image-cover\" style=\"background-color: #333333\" >\n\t\t\t\t\t<div class=\"sow-slider-image-container\">\n\t\t\t<div class=\"sow-slider-image-wrapper\">\n\t\t\t\t<h1 style=\"text-align: center\">LAN\u00c7AMENTOS<\/h1>\t\t\t<\/div>\n\t\t<\/div>\n\t\t<div class=\"sow-slider-image-overlay sow-slider-image-cover\" style=\"background-image: url(http:\/\/maiscorcianorte.com.br\/wp-content\/uploads\/2016\/09\/Mais_Cor_Lancamentos-1.png);opacity: 0.7\"  ><\/div>\t\t<\/li>\n\t\t<\/ul>\t\t\t\t<ol class=\"sow-slider-pagination\">\n\t\t\t\t\t\t\t\t\t\t\t<li><a href=\"#\" data-goto=\"0\" aria-label=\"display slide 1\"><\/a><\/li>\n\t\t\t\t\t\t\t\t\t<\/ol>\n\n\t\t\t\t<div class=\"sow-slide-nav sow-slide-nav-next\">\n\t\t\t\t\t<a href=\"#\" data-goto=\"next\" aria-label=\"next slide\" data-action=\"next\">\n\t\t\t\t\t\t<em class=\"sow-sld-icon-thin-right\"><\/em>\n\t\t\t\t\t<\/a>\n\t\t\t\t<\/div>\n\n\t\t\t\t<div class=\"sow-slide-nav sow-slide-nav-prev\">\n\t\t\t\t\t<a href=\"#\" data-goto=\"previous\" aria-label=\"previous slide\" data-action=\"prev\">\n\t\t\t\t\t\t<em class=\"sow-sld-icon-thin-left\"><\/em>\n\t\t\t\t\t<\/a>\n\t\t\t\t<\/div>\n\t\t\t\t<\/div><\/div><\/div><\/div><\/div><\/div><div id=\"pg-124-1\"  class=\"panel-grid panel-no-style\" ><div id=\"pgc-124-1-0\"  class=\"panel-grid-cell\" ><div id=\"panel-124-1-0-0\" class=\"so-panel widget widget_sow-headline panel-first-child panel-last-child\" data-index=\"1\" ><div class=\"so-widget-sow-headline so-widget-sow-headline-default-338ea1108df4-124\"><div class=\"sow-headline-container \">\n\t\t\t\t\t\t<div class=\"decoration\">\n\t\t\t\t\t\t<div class=\"decoration-inside\"><\/div>\n\t\t\t\t\t<\/div>\n\t\t\t\t\t<\/div><\/div><\/div><\/div><\/div><div id=\"pg-124-2\"  class=\"panel-grid panel-no-style\" ><div id=\"pgc-124-2-0\"  class=\"panel-grid-cell\" ><div id=\"panel-124-2-0-0\" class=\"so-panel widget widget_sow-editor panel-first-child panel-last-child\" data-index=\"2\" ><div class=\"panel-widget-style panel-widget-style-for-124-2-0-0\" ><div class=\"so-widget-sow-editor so-widget-sow-editor-base\">\n<div class=\"siteorigin-widget-tinymce textwidget\">\n\t<h1 style=\"text-align: justify;\">Agora na Mais Cor chegaram os produtos da Colorart! Uma cole\u00e7\u00e3o de tintas spray de alta qualidade e baixo custo. Visite a Mais Cor em Cianorte e descubra mais!\u00a0<\/h1>\n<\/div>\n<\/div><\/div><\/div><\/div><div id=\"pgc-124-2-1\"  class=\"panel-grid-cell\" ><div id=\"panel-124-2-1-0\" class=\"so-panel widget widget_sow-editor panel-first-child panel-last-child\" data-index=\"3\" ><div class=\"so-widget-sow-editor so-widget-sow-editor-base\">\n<div class=\"siteorigin-widget-tinymce textwidget\">\n\t<p><a href=\"http:\/\/www.colorart.com.br\/\"><img loading=\"lazy\" decoding=\"async\" class=\"aligncenter wp-image-327 size-full\" src=\"http:\/\/maiscorcianorte.com.br\/wp-content\/uploads\/2016\/09\/Colorart.png\" alt=\"colorart\" width=\"4500\" height=\"1750\" srcset=\"http:\/\/maiscorcianorte.com.br\/wp-content\/uploads\/2016\/09\/Colorart.png 4500w, http:\/\/maiscorcianorte.com.br\/wp-content\/uploads\/2016\/09\/Colorart-300x117.png 300w, http:\/\/maiscorcianorte.com.br\/wp-content\/uploads\/2016\/09\/Colorart-768x299.png 768w, http:\/\/maiscorcianorte.com.br\/wp-content\/uploads\/2016\/09\/Colorart-1024x398.png 1024w, http:\/\/maiscorcianorte.com.br\/wp-content\/uploads\/2016\/09\/Colorart-640x249.png 640w\" sizes=\"auto, (max-width: 4500px) 100vw, 4500px\" \/><\/a><\/p>\n<\/div>\n<\/div><\/div><\/div><\/div><div id=\"pg-124-3\"  class=\"panel-grid panel-no-style\" ><div id=\"pgc-124-3-0\"  class=\"panel-grid-cell\" ><div id=\"panel-124-3-0-0\" class=\"so-panel widget widget_sow-headline panel-first-child panel-last-child\" data-index=\"4\" ><div class=\"panel-widget-style panel-widget-style-for-124-3-0-0\" ><div class=\"so-widget-sow-headline so-widget-sow-headline-default-bd0a660e5df1-124\"><div class=\"sow-headline-container \">\n\t\t\t\t\t\t<div class=\"decoration\">\n\t\t\t\t\t\t<div class=\"decoration-inside\"><\/div>\n\t\t\t\t\t<\/div>\n\t\t\t\t\t<\/div><\/div><\/div><\/div><\/div><\/div><div id=\"pg-124-4\"  class=\"panel-grid panel-no-style\" ><div id=\"pgc-124-4-0\"  class=\"panel-grid-cell\" ><div id=\"panel-124-4-0-0\" class=\"so-panel widget widget_sow-editor panel-first-child panel-last-child\" data-index=\"5\" ><div class=\"so-widget-sow-editor so-widget-sow-editor-base\">\n<div class=\"siteorigin-widget-tinymce textwidget\">\n\t<p><a href=\"http:\/\/www.pinceisatlas.com.br\/pt\/\" target=\"_blank\"><img loading=\"lazy\" decoding=\"async\" class=\"aligncenter wp-image-319 size-full\" src=\"http:\/\/maiscorcianorte.com.br\/wp-content\/uploads\/2016\/09\/vESTCOR.png\" alt=\"vestcor\" width=\"4500\" height=\"1750\" srcset=\"http:\/\/maiscorcianorte.com.br\/wp-content\/uploads\/2016\/09\/vESTCOR.png 4500w, http:\/\/maiscorcianorte.com.br\/wp-content\/uploads\/2016\/09\/vESTCOR-300x117.png 300w, http:\/\/maiscorcianorte.com.br\/wp-content\/uploads\/2016\/09\/vESTCOR-768x299.png 768w, http:\/\/maiscorcianorte.com.br\/wp-content\/uploads\/2016\/09\/vESTCOR-1024x398.png 1024w, http:\/\/maiscorcianorte.com.br\/wp-content\/uploads\/2016\/09\/vESTCOR-640x249.png 640w\" sizes=\"auto, (max-width: 4500px) 100vw, 4500px\" \/><\/a><\/p>\n<\/div>\n<\/div><\/div><\/div><div id=\"pgc-124-4-1\"  class=\"panel-grid-cell\" ><div id=\"panel-124-4-1-0\" class=\"so-panel widget widget_sow-editor panel-first-child panel-last-child\" data-index=\"6\" ><div class=\"panel-widget-style panel-widget-style-for-124-4-1-0\" ><div class=\"so-widget-sow-editor so-widget-sow-editor-base\">\n<div class=\"siteorigin-widget-tinymce textwidget\">\n\t<h1>A Mais Cor agora tem o papel de parede pint\u00e1vel Vestcor, da empresa Atlas. Uma novidade Atlas feita especialmente para voc\u00ea!\u00a0<\/h1>\n<\/div>\n<\/div><\/div><\/div><\/div><\/div><div id=\"pg-124-5\"  class=\"panel-grid panel-no-style\" ><div id=\"pgc-124-5-0\"  class=\"panel-grid-cell\" ><div id=\"panel-124-5-0-0\" class=\"so-panel widget widget_sow-headline panel-first-child panel-last-child\" data-index=\"7\" ><div class=\"panel-widget-style panel-widget-style-for-124-5-0-0\" ><div class=\"so-widget-sow-headline so-widget-sow-headline-default-338ea1108df4-124\"><div class=\"sow-headline-container \">\n\t\t\t\t\t\t<div class=\"decoration\">\n\t\t\t\t\t\t<div class=\"decoration-inside\"><\/div>\n\t\t\t\t\t<\/div>\n\t\t\t\t\t<\/div><\/div><\/div><\/div><\/div><\/div><div id=\"pg-124-6\"  class=\"panel-grid panel-no-style\" ><div id=\"pgc-124-6-0\"  class=\"panel-grid-cell\" ><div id=\"panel-124-6-0-0\" class=\"so-panel widget widget_sow-editor panel-first-child panel-last-child\" data-index=\"8\" ><div class=\"panel-widget-style panel-widget-style-for-124-6-0-0\" ><div class=\"so-widget-sow-editor so-widget-sow-editor-base\">\n<div class=\"siteorigin-widget-tinymce textwidget\">\n\t<h1 style=\"text-align: justify;\">Conhe\u00e7a a Suvinil Fosco Completo, a tinta mais completa para a sua casa! Antirrespingos, super dur\u00e1vel e lav\u00e1vel. Clique na imagem\u00a0para saber mais!<\/h1>\n<\/div>\n<\/div><\/div><\/div><\/div><div id=\"pgc-124-6-1\"  class=\"panel-grid-cell\" ><div id=\"panel-124-6-1-0\" class=\"so-panel widget widget_sow-editor panel-first-child panel-last-child\" data-index=\"9\" ><div class=\"so-widget-sow-editor so-widget-sow-editor-base\">\n<div class=\"siteorigin-widget-tinymce textwidget\">\n\t<p><a href=\"https:\/\/www.suvinil.com.br\/apps\/campanha\/suvinil-fosco-completo\/\" target=\"_blank\"><img loading=\"lazy\" decoding=\"async\" class=\"aligncenter wp-image-316 size-full\" src=\"http:\/\/maiscorcianorte.com.br\/wp-content\/uploads\/2016\/09\/FoscoCompleto2.png\" alt=\"foscocompleto2\" width=\"4500\" height=\"1750\" srcset=\"http:\/\/maiscorcianorte.com.br\/wp-content\/uploads\/2016\/09\/FoscoCompleto2.png 4500w, http:\/\/maiscorcianorte.com.br\/wp-content\/uploads\/2016\/09\/FoscoCompleto2-300x117.png 300w, http:\/\/maiscorcianorte.com.br\/wp-content\/uploads\/2016\/09\/FoscoCompleto2-768x299.png 768w, http:\/\/maiscorcianorte.com.br\/wp-content\/uploads\/2016\/09\/FoscoCompleto2-1024x398.png 1024w, http:\/\/maiscorcianorte.com.br\/wp-content\/uploads\/2016\/09\/FoscoCompleto2-640x249.png 640w\" sizes=\"auto, (max-width: 4500px) 100vw, 4500px\" \/><\/a><\/p>\n<\/div>\n<\/div><\/div><\/div><\/div><div id=\"pg-124-7\"  class=\"panel-grid panel-no-style\" ><div id=\"pgc-124-7-0\"  class=\"panel-grid-cell\" ><div id=\"panel-124-7-0-0\" class=\"so-panel widget widget_sow-headline panel-first-child panel-last-child\" data-index=\"10\" ><div class=\"so-widget-sow-headline so-widget-sow-headline-default-338ea1108df4-124\"><div class=\"sow-headline-container \">\n\t\t\t\t\t\t<div class=\"decoration\">\n\t\t\t\t\t\t<div class=\"decoration-inside\"><\/div>\n\t\t\t\t\t<\/div>\n\t\t\t\t\t<\/div><\/div><\/div><\/div><\/div><div id=\"pg-124-8\"  class=\"panel-grid panel-no-style\" ><div id=\"pgc-124-8-0\"  class=\"panel-grid-cell\" ><div id=\"panel-124-8-0-0\" class=\"so-panel widget widget_circleicon-widget panel-first-child panel-last-child\" data-index=\"11\" >\t\t<div class=\"circle-icon-box circle-icon-position-top circle-icon-hide-box circle-icon-size-large \">\n\t\t\t\t\t\t\t<div class=\"circle-icon-wrapper\">\n\t\t\t\t\t\t\t\t\t\t<a href=\"http:\/\/maiscorcianorte.com.br\/?page_id=17\" class=\"link-icon\" target=\"_blank\">\t\t\t\t\t<div class=\"circle-icon icon-style-set\" style=\"background-color: #db813c\">\n\t\t\t\t\t\t\t\t\t\t\t\t\t<div class=\"fa fa-phone\" ><\/div>\n\t\t\t\t\t\t\t\t\t\t\t<\/div> \n\t\t\t\t\t<\/a>\t\t\t\t<\/div>\n\t\t\t\n\t\t\t\t\t\t\t<a href=\"http:\/\/maiscorcianorte.com.br\/?page_id=17\" class=\"link-title\" target=\"_blank\">\n\t\t\t\t\t\t\t\t\t\t\t\t\t<\/a>\n\t\t\t\n\t\t\t\t\t\t\t\t\t\t<a href=\"http:\/\/maiscorcianorte.com.br\/?page_id=17\" class=\"more-button\" target=\"_blank\">FALE COM A GENTE! <i><\/i><\/a>\n\t\t\t\t\t<\/div>\n\t\t<\/div><\/div><\/div><\/div>","protected":false},"excerpt":{"rendered":"<p>LAN\u00c7AMENTOS Agora na Mais Cor chegaram os produtos da Colorart! Uma cole\u00e7\u00e3o de tintas spray de alta qualidade e baixo custo. Visite a Mais Cor em Cianorte e descubra mais!\u00a0 A Mais Cor agora tem o papel de parede pint\u00e1vel Vestcor, da empresa Atlas. Uma novidade Atlas feita especialmente para voc\u00ea!\u00a0 Conhe\u00e7a a Suvinil Fosco [&hellip;]<\/p>\n","protected":false},"author":1,"featured_media":0,"parent":0,"menu_order":0,"comment_status":"closed","ping_status":"closed","template":"","meta":{"footnotes":""},"class_list":["post-124","page","type-page","status-publish","hentry","post"],"_links":{"self":[{"href":"http:\/\/maiscorcianorte.com.br\/index.php?rest_route=\/wp\/v2\/pages\/124","targetHints":{"allow":["GET"]}}],"collection":[{"href":"http:\/\/maiscorcianorte.com.br\/index.php?rest_route=\/wp\/v2\/pages"}],"about":[{"href":"http:\/\/maiscorcianorte.com.br\/index.php?rest_route=\/wp\/v2\/types\/page"}],"author":[{"embeddable":true,"href":"http:\/\/maiscorcianorte.com.br\/index.php?rest_route=\/wp\/v2\/users\/1"}],"replies":[{"embeddable":true,"href":"http:\/\/maiscorcianorte.com.br\/index.php?rest_route=%2Fwp%2Fv2%2Fcomments&post=124"}],"version-history":[{"count":11,"href":"http:\/\/maiscorcianorte.com.br\/index.php?rest_route=\/wp\/v2\/pages\/124\/revisions"}],"predecessor-version":[{"id":367,"href":"http:\/\/maiscorcianorte.com.br\/index.php?rest_route=\/wp\/v2\/pages\/124\/revisions\/367"}],"wp:attachment":[{"href":"http:\/\/maiscorcianorte.com.br\/index.php?rest_route=%2Fwp%2Fv2%2Fmedia&parent=124"}],"curies":[{"name":"wp","href":"https:\/\/api.w.org\/{rel}","templated":true}]}}