{"id":267,"date":"2016-10-01T11:24:30","date_gmt":"2016-10-01T11:24:30","guid":{"rendered":"http:\/\/maiscorcianorte.com.br\/?page_id=267"},"modified":"2016-10-01T13:41:11","modified_gmt":"2016-10-01T13:41:11","slug":"simulador-de-decoracao","status":"publish","type":"page","link":"http:\/\/maiscorcianorte.com.br\/?page_id=267","title":{"rendered":"Simulador de Decora\u00e7\u00e3o"},"content":{"rendered":"<div id=\"pl-267\"  class=\"panel-layout\" ><div id=\"pg-267-0\"  class=\"panel-grid panel-has-style\" ><div class=\"siteorigin-panels-stretch panel-row-style-full-width panel-row-style panel-row-style-for-267-0\" data-stretch-type=\"full-stretched\" ><div id=\"pgc-267-0-0\"  class=\"panel-grid-cell\" ><div id=\"panel-267-0-0-0\" class=\"so-panel widget widget_sow-hero panel-first-child panel-last-child\" data-index=\"0\" ><div class=\"so-widget-sow-hero so-widget-sow-hero-default-e4dfb455a4fe-267 so-widget-fittext-wrapper\" data-fit-text-compressor=\"0.85\"><div class=\"sow-slider-base\" style=\"display: none\"><ul class=\"sow-slider-images\" data-settings=\"{&quot;pagination&quot;:true,&quot;speed&quot;:800,&quot;timeout&quot;:8000,&quot;paused&quot;:false,&quot;pause_on_hover&quot;:false,&quot;swipe&quot;:true,&quot;nav_always_show_desktop&quot;:&quot;&quot;,&quot;nav_always_show_mobile&quot;:&quot;&quot;,&quot;breakpoint&quot;:&quot;780px&quot;}\">\t\t<li class=\"sow-slider-image  sow-slider-image-cover\" style=\"background-color: #333333\" >\n\t\t\t\t\t<div class=\"sow-slider-image-container\">\n\t\t\t<div class=\"sow-slider-image-wrapper\">\n\t\t\t\t<h1 style=\"text-align: center\">SIMULADOR DE DECORA\u00c7\u00c3O<\/h1>\t\t\t<\/div>\n\t\t<\/div>\n\t\t<div class=\"sow-slider-image-overlay sow-slider-image-cover\" style=\"background-image: url(http:\/\/maiscorcianorte.com.br\/wp-content\/uploads\/2016\/10\/colorful-building-1175239.jpg);opacity: 0.58\"  ><\/div>\t\t<\/li>\n\t\t<\/ul>\t\t\t\t<ol class=\"sow-slider-pagination\">\n\t\t\t\t\t\t\t\t\t\t\t<li><a href=\"#\" data-goto=\"0\" aria-label=\"display slide 1\"><\/a><\/li>\n\t\t\t\t\t\t\t\t\t<\/ol>\n\n\t\t\t\t<div class=\"sow-slide-nav sow-slide-nav-next\">\n\t\t\t\t\t<a href=\"#\" data-goto=\"next\" aria-label=\"next slide\" data-action=\"next\">\n\t\t\t\t\t\t<em class=\"sow-sld-icon-thin-right\"><\/em>\n\t\t\t\t\t<\/a>\n\t\t\t\t<\/div>\n\n\t\t\t\t<div class=\"sow-slide-nav sow-slide-nav-prev\">\n\t\t\t\t\t<a href=\"#\" data-goto=\"previous\" aria-label=\"previous slide\" data-action=\"prev\">\n\t\t\t\t\t\t<em class=\"sow-sld-icon-thin-left\"><\/em>\n\t\t\t\t\t<\/a>\n\t\t\t\t<\/div>\n\t\t\t\t<\/div><\/div><\/div><\/div><\/div><\/div><div id=\"pg-267-1\"  class=\"panel-grid panel-has-style\" ><div class=\"siteorigin-panels-stretch panel-row-style-full-width panel-row-style panel-row-style-for-267-1\" data-stretch-type=\"full\" ><div id=\"pgc-267-1-0\"  class=\"panel-grid-cell\" ><div id=\"panel-267-1-0-0\" class=\"so-panel widget widget_sow-headline panel-first-child panel-last-child\" data-index=\"1\" ><div class=\"so-widget-sow-headline so-widget-sow-headline-default-338ea1108df4-267\"><div class=\"sow-headline-container \">\n\t\t\t\t\t\t<div class=\"decoration\">\n\t\t\t\t\t\t<div class=\"decoration-inside\"><\/div>\n\t\t\t\t\t<\/div>\n\t\t\t\t\t<\/div><\/div><\/div><\/div><\/div><\/div><div id=\"pg-267-2\"  class=\"panel-grid panel-no-style\" ><div id=\"pgc-267-2-0\"  class=\"panel-grid-cell\" ><div id=\"panel-267-2-0-0\" class=\"so-panel widget widget_circleicon-widget panel-first-child panel-last-child\" data-index=\"2\" >\t\t<div class=\"circle-icon-box circle-icon-position-top circle-icon-hide-box circle-icon-size-large \">\n\t\t\t\t\t\t\t<div class=\"circle-icon-wrapper\">\n\t\t\t\t\t\t\t\t\t\t<a href=\"http:\/\/www.suvinil.com.br\/SimuladorV2\/\" class=\"link-icon\" target=\"_blank\">\t\t\t\t\t<div class=\"circle-icon icon-style-set\" style=\"background-color: #db813c\">\n\t\t\t\t\t\t\t\t\t\t\t\t\t<div class=\"fa fa-mouse-pointer\" ><\/div>\n\t\t\t\t\t\t\t\t\t\t\t<\/div> \n\t\t\t\t\t<\/a>\t\t\t\t<\/div>\n\t\t\t\n\t\t\t\t\t\t\t<a href=\"http:\/\/www.suvinil.com.br\/SimuladorV2\/\" class=\"link-title\" target=\"_blank\">\n\t\t\t\t\t\t\t\t\t\t\t\t\t<\/a>\n\t\t\t\n\t\t\t\t\t\t\t\t\t\t<a href=\"http:\/\/www.suvinil.com.br\/SimuladorV2\/\" class=\"more-button\" target=\"_blank\">SIMULE SEU AMBIENTE! <i><\/i><\/a>\n\t\t\t\t\t<\/div>\n\t\t<\/div><\/div><div id=\"pgc-267-2-1\"  class=\"panel-grid-cell\" ><div id=\"panel-267-2-1-0\" class=\"so-panel widget widget_circleicon-widget panel-first-child panel-last-child\" data-index=\"3\" >\t\t<div class=\"circle-icon-box circle-icon-position-top circle-icon-hide-box circle-icon-size-large \">\n\t\t\t\t\t\t\t<div class=\"circle-icon-wrapper\">\n\t\t\t\t\t\t\t\t\t\t<a href=\"https:\/\/loja.suvinil.com.br\/?utm_source=suvinil&#038;utm_medium=menu-suvinil&#038;utm_campaign=ecommerce\" class=\"link-icon\" target=\"_blank\">\t\t\t\t\t<div class=\"circle-icon icon-style-set\" style=\"background-color: #db813c\">\n\t\t\t\t\t\t\t\t\t\t\t\t\t<div class=\"fa fa-shopping-bag\" ><\/div>\n\t\t\t\t\t\t\t\t\t\t\t<\/div> \n\t\t\t\t\t<\/a>\t\t\t\t<\/div>\n\t\t\t\n\t\t\t\t\t\t\t<a href=\"https:\/\/loja.suvinil.com.br\/?utm_source=suvinil&#038;utm_medium=menu-suvinil&#038;utm_campaign=ecommerce\" class=\"link-title\" target=\"_blank\">\n\t\t\t\t\t\t\t\t\t\t\t\t\t<\/a>\n\t\t\t\n\t\t\t\t\t\t\t\t\t\t<a href=\"https:\/\/loja.suvinil.com.br\/?utm_source=suvinil&#038;utm_medium=menu-suvinil&#038;utm_campaign=ecommerce\" class=\"more-button\" target=\"_blank\">PE\u00c7A SEU KIT PARA TESTES! <i><\/i><\/a>\n\t\t\t\t\t<\/div>\n\t\t<\/div><\/div><div id=\"pgc-267-2-2\"  class=\"panel-grid-cell\" ><div id=\"panel-267-2-2-0\" class=\"so-panel widget widget_circleicon-widget panel-first-child panel-last-child\" data-index=\"4\" >\t\t<div class=\"circle-icon-box circle-icon-position-top circle-icon-hide-box circle-icon-size-large \">\n\t\t\t\t\t\t\t<div class=\"circle-icon-wrapper\">\n\t\t\t\t\t\t\t\t\t\t<a href=\"http:\/\/maiscorcianorte.com.br\/?page_id=17\" class=\"link-icon\" target=\"_blank\">\t\t\t\t\t<div class=\"circle-icon icon-style-set\" style=\"background-color: #db813c\">\n\t\t\t\t\t\t\t\t\t\t\t\t\t<div class=\"fa fa-map-marker\" ><\/div>\n\t\t\t\t\t\t\t\t\t\t\t<\/div> \n\t\t\t\t\t<\/a>\t\t\t\t<\/div>\n\t\t\t\n\t\t\t\t\t\t\t<a href=\"http:\/\/maiscorcianorte.com.br\/?page_id=17\" class=\"link-title\" target=\"_blank\">\n\t\t\t\t\t\t\t\t\t\t\t\t\t<\/a>\n\t\t\t\n\t\t\t\t\t\t\t\t\t\t<a href=\"http:\/\/maiscorcianorte.com.br\/?page_id=17\" class=\"more-button\" target=\"_blank\">VISITE NOSSA LOJA E PE\u00c7A UM PROJETO DE COR! <i><\/i><\/a>\n\t\t\t\t\t<\/div>\n\t\t<\/div><\/div><\/div><\/div>","protected":false},"excerpt":{"rendered":"<p>SIMULADOR DE DECORA\u00c7\u00c3O SIMULE SEU AMBIENTE! PE\u00c7A SEU KIT PARA TESTES! VISITE NOSSA LOJA E PE\u00c7A UM PROJETO DE COR!<\/p>\n","protected":false},"author":1,"featured_media":0,"parent":0,"menu_order":0,"comment_status":"closed","ping_status":"closed","template":"templates\/template-full-notitle.php","meta":{"footnotes":""},"class_list":["post-267","page","type-page","status-publish","hentry","post"],"_links":{"self":[{"href":"http:\/\/maiscorcianorte.com.br\/index.php?rest_route=\/wp\/v2\/pages\/267","targetHints":{"allow":["GET"]}}],"collection":[{"href":"http:\/\/maiscorcianorte.com.br\/index.php?rest_route=\/wp\/v2\/pages"}],"about":[{"href":"http:\/\/maiscorcianorte.com.br\/index.php?rest_route=\/wp\/v2\/types\/page"}],"author":[{"embeddable":true,"href":"http:\/\/maiscorcianorte.com.br\/index.php?rest_route=\/wp\/v2\/users\/1"}],"replies":[{"embeddable":true,"href":"http:\/\/maiscorcianorte.com.br\/index.php?rest_route=%2Fwp%2Fv2%2Fcomments&post=267"}],"version-history":[{"count":1,"href":"http:\/\/maiscorcianorte.com.br\/index.php?rest_route=\/wp\/v2\/pages\/267\/revisions"}],"predecessor-version":[{"id":268,"href":"http:\/\/maiscorcianorte.com.br\/index.php?rest_route=\/wp\/v2\/pages\/267\/revisions\/268"}],"wp:attachment":[{"href":"http:\/\/maiscorcianorte.com.br\/index.php?rest_route=%2Fwp%2Fv2%2Fmedia&parent=267"}],"curies":[{"name":"wp","href":"https:\/\/api.w.org\/{rel}","templated":true}]}}